{"id":493,"date":"2021-02-03T11:59:23","date_gmt":"2021-02-03T10:59:23","guid":{"rendered":"http:\/\/usbsh.fr\/?page_id=493"},"modified":"2021-03-17T14:55:32","modified_gmt":"2021-03-17T13:55:32","slug":"historique","status":"publish","type":"page","link":"https:\/\/usbsh.fr\/?page_id=493","title":{"rendered":"Historique"},"content":{"rendered":"\t\t<div data-elementor-type=\"wp-page\" data-elementor-id=\"493\" class=\"elementor elementor-493\" data-elementor-post-type=\"page\">\n\t\t\t\t\t\t<section class=\"elementor-section elementor-top-section elementor-element elementor-element-1cb96f98 elementor-section-boxed elementor-section-height-default elementor-section-height-default\" data-id=\"1cb96f98\" data-element_type=\"section\" data-e-type=\"section\">\n\t\t\t\t\t\t<div class=\"elementor-container elementor-column-gap-default\">\n\t\t\t\t\t<div class=\"elementor-column elementor-col-100 elementor-top-column elementor-element elementor-element-128b8b8c\" data-id=\"128b8b8c\" data-element_type=\"column\" data-e-type=\"column\">\n\t\t\t<div class=\"elementor-widget-wrap elementor-element-populated\">\n\t\t\t\t\t\t<div class=\"elementor-element elementor-element-76bc5c31 elementor-widget elementor-widget-text-editor\" data-id=\"76bc5c31\" data-element_type=\"widget\" data-e-type=\"widget\" data-widget_type=\"text-editor.default\">\n\t\t\t\t<div class=\"elementor-widget-container\">\n\t\t\t\t\t\t\t\t\t\n<div class=\"wp-block-themeisle-blocks-advanced-columns has-undefined-columns has-desktop-undefined-layout has-tablet-equal-layout has-mobile-equal-layout has-default-gap has-vertical-unset\" id=\"wp-block-themeisle-blocks-advanced-columns-7f818c04\"><div class=\"wp-block-themeisle-blocks-advanced-columns-overlay\"><\/div><div class=\"innerblocks-wrap\"><\/div><\/div>\n\t\t\t\t\t\t\t\t<\/div>\n\t\t\t\t<\/div>\n\t\t\t\t\t<\/div>\n\t\t<\/div>\n\t\t\t\t\t<\/div>\n\t\t<\/section>\n\t\t\t\t<section class=\"elementor-section elementor-top-section elementor-element elementor-element-1b419ac elementor-section-content-middle elementor-section-boxed elementor-section-height-default elementor-section-height-default\" data-id=\"1b419ac\" data-element_type=\"section\" data-e-type=\"section\">\n\t\t\t\t\t\t<div class=\"elementor-container elementor-column-gap-no\">\n\t\t\t\t\t<div class=\"elementor-column elementor-col-100 elementor-top-column elementor-element elementor-element-40dd723f\" data-id=\"40dd723f\" data-element_type=\"column\" data-e-type=\"column\">\n\t\t\t<div class=\"elementor-widget-wrap elementor-element-populated\">\n\t\t\t\t\t\t<div class=\"elementor-element elementor-element-b90c825 elementor-widget elementor-widget-image\" data-id=\"b90c825\" data-element_type=\"widget\" data-e-type=\"widget\" data-widget_type=\"image.default\">\n\t\t\t\t<div class=\"elementor-widget-container\">\n\t\t\t\t\t\t\t\t\t\t\t\t\t\t\t<img decoding=\"async\" width=\"150\" height=\"150\" src=\"https:\/\/usbsh.fr\/wp-content\/uploads\/2019\/09\/cropped-Logo-USBSH-150-2.png\" class=\"attachment-full size-full wp-image-196\" alt=\"\" srcset=\"https:\/\/usbsh.fr\/wp-content\/uploads\/2019\/09\/cropped-Logo-USBSH-150-2.png 150w, https:\/\/usbsh.fr\/wp-content\/uploads\/2019\/09\/cropped-Logo-USBSH-150-2-128x128.png 128w, https:\/\/usbsh.fr\/wp-content\/uploads\/2019\/09\/cropped-Logo-USBSH-150-2-32x32.png 32w\" sizes=\"(max-width: 150px) 100vw, 150px\" loading=\"lazy\" \/>\t\t\t\t\t\t\t\t\t\t\t\t\t\t\t<\/div>\n\t\t\t\t<\/div>\n\t\t\t\t<div class=\"elementor-element elementor-element-75f1edb4 elementor-widget elementor-widget-heading\" data-id=\"75f1edb4\" data-element_type=\"widget\" data-e-type=\"widget\" data-widget_type=\"heading.default\">\n\t\t\t\t<div class=\"elementor-widget-container\">\n\t\t\t\t\t<h3 class=\"elementor-heading-title elementor-size-default\">Historique du club<\/h3>\t\t\t\t<\/div>\n\t\t\t\t<\/div>\n\t\t\t\t<div class=\"elementor-element elementor-element-1edd351d elementor-widget elementor-widget-text-editor\" data-id=\"1edd351d\" data-element_type=\"widget\" data-e-type=\"widget\" data-widget_type=\"text-editor.default\">\n\t\t\t\t<div class=\"elementor-widget-container\">\n\t\t\t\t\t\t\t\t\t<p><span style=\"font-weight: 400;\">Apr\u00e8s 3 p\u00e9riodes diff\u00e9rentes (de 1940 \u00e0 1943 \u2013 de 1947 \u00e0 1949 et de 1958 \u00e0 1960), l\u2019id\u00e9e de relancer le foot apr\u00e8s 8 ans de disette naquit au printemps 1968 sous les impulsions de Louis Marie GIRAUDEAU, Louis TEXIER, Jean Claude CHABOT et Henri GODET.\u00a0<\/span><\/p>\t\t\t\t\t\t\t\t<\/div>\n\t\t\t\t<\/div>\n\t\t\t\t<section class=\"elementor-section elementor-inner-section elementor-element elementor-element-689c84e0 elementor-section-boxed elementor-section-height-default elementor-section-height-default\" data-id=\"689c84e0\" data-element_type=\"section\" data-e-type=\"section\">\n\t\t\t\t\t\t<div class=\"elementor-container elementor-column-gap-default\">\n\t\t\t\t\t<div class=\"elementor-column elementor-col-50 elementor-inner-column elementor-element elementor-element-4f59ba59\" data-id=\"4f59ba59\" data-element_type=\"column\" data-e-type=\"column\">\n\t\t\t<div class=\"elementor-widget-wrap elementor-element-populated\">\n\t\t\t\t\t\t<div class=\"elementor-element elementor-element-5887f24b elementor-widget elementor-widget-text-editor\" data-id=\"5887f24b\" data-element_type=\"widget\" data-e-type=\"widget\" data-widget_type=\"text-editor.default\">\n\t\t\t\t<div class=\"elementor-widget-container\">\n\t\t\t\t\t\t\t\t\t<p>En mai 1969, les dirigeants d\u00e9cid\u00e8rent de cr\u00e9er une association nomm\u00e9e \u00ab\u00a0Entente Sportive Bournezeau\u00a0: E.S.B.\u00a0\u00bb avec comme pr\u00e9sident fondateur Alexandre CORNU.<\/p>\n<p><\/p>\n<p><span style=\"font-weight: 400;\">Beaucoup de personnes ont marqu\u00e9 de leur empreinte l\u2019histoire du foot. On ne peut tous les citer. N\u00e9anmoins, on peut mettre en \u00e9vidence le r\u00f4le majeur de Louis-Marie GIRAUDEAU. C\u2019est l\u2019instigateur du lancement du foot en 1968. <\/span><\/p>\n<p><\/p>\n<p><span style=\"font-weight: 400;\">En\u00a0 50 ans d\u2019existence, pas moins de 13 pr\u00e9sidents se succ\u00e9deront. Actuellement Alain HERBRETEAU pr\u00e9side l\u2019USBSH \u00ab\u00a0ENTENTE SPORTIVE BOURNEZEAU SAINT HILAIRE\u00a0\u00bb n\u00e9 en 2013 de la fusion avec Sainte Hilaire le Vouhis.<\/span><\/p>\t\t\t\t\t\t\t\t<\/div>\n\t\t\t\t<\/div>\n\t\t\t\t\t<\/div>\n\t\t<\/div>\n\t\t\t\t<div class=\"elementor-column elementor-col-50 elementor-inner-column elementor-element elementor-element-465d91d8\" data-id=\"465d91d8\" data-element_type=\"column\" data-e-type=\"column\">\n\t\t\t<div class=\"elementor-widget-wrap elementor-element-populated\">\n\t\t\t\t\t\t<div class=\"elementor-element elementor-element-1d407e00 elementor-widget elementor-widget-text-editor\" data-id=\"1d407e00\" data-element_type=\"widget\" data-e-type=\"widget\" data-widget_type=\"text-editor.default\">\n\t\t\t\t<div class=\"elementor-widget-container\">\n\t\t\t\t\t\t\t\t\t<p><span style=\"font-weight: 400;\">Il fut ensuite entra\u00eeneur pendant 4 ans de 1974 \u00e0 1978, avant de devenir pr\u00e9sident pendant 15 ans, en encadrant de nombreuses cat\u00e9gories de jeunes. Deux autres personnes se sont inscrites dans la dur\u00e9e : il s\u2019agit de Christiane POUPIN, qui fut secr\u00e9taire pendant 14 ans et Joseph Malik, tr\u00e9sorier durant 14 ans. On peut aussi dire un mot d\u2019Alexandre CORNU, ancien joueur devenu Pr\u00e9sident Fondateur de l\u2019E.S.B. qu\u2019il a pr\u00e9sid\u00e9e pendant 7ans. Ce connaisseur du football nous a quitt\u00e9 en 05\/2019.\u00a0<\/span><\/p>\n<p><\/p>\n<p><span style=\"font-weight: 400;\">En terminant l\u2019historique du foot on peut observer que ce sport collectif apprend aux joueurs \u00e0 composer avec les autres, c\u2019est un peu une \u00e9cole de la vie. Les anciens joueurs ou dirigeants aiment reparler de cette p\u00e9riode. Leurs r\u00e9cits t\u00e9moignent de liens d\u2019amiti\u00e9 et rappellent de bons souvenirs.<\/span><\/p>\t\t\t\t\t\t\t\t<\/div>\n\t\t\t\t<\/div>\n\t\t\t\t\t<\/div>\n\t\t<\/div>\n\t\t\t\t\t<\/div>\n\t\t<\/section>\n\t\t\t\t\t<\/div>\n\t\t<\/div>\n\t\t\t\t\t<\/div>\n\t\t<\/section>\n\t\t\t\t<\/div>\n\t\t","protected":false},"excerpt":{"rendered":"<p>Historique du club Apr\u00e8s 3 p\u00e9riodes diff\u00e9rentes (de 1940 \u00e0 1943 \u2013 de 1947 \u00e0 1949 et de 1958 \u00e0 1960), l\u2019id\u00e9e de relancer le foot apr\u00e8s 8 ans de disette naquit au printemps 1968 sous les impulsions de Louis Marie GIRAUDEAU, Louis TEXIER, Jean Claude CHABOT et Henri GODET.\u00a0 [&hellip;]<\/p>\n","protected":false},"author":1,"featured_media":0,"parent":0,"menu_order":0,"comment_status":"closed","ping_status":"closed","template":"page-templates\/template-pagebuilder-full-width.php","meta":{"_monsterinsights_skip_tracking":false,"_monsterinsights_sitenote_active":false,"_monsterinsights_sitenote_note":"","_monsterinsights_sitenote_category":0,"_themeisle_gutenberg_block_has_review":false,"footnotes":""},"class_list":["post-493","page","type-page","status-publish","hentry"],"aioseo_notices":[],"_links":{"self":[{"href":"https:\/\/usbsh.fr\/index.php?rest_route=\/wp\/v2\/pages\/493","targetHints":{"allow":["GET"]}}],"collection":[{"href":"https:\/\/usbsh.fr\/index.php?rest_route=\/wp\/v2\/pages"}],"about":[{"href":"https:\/\/usbsh.fr\/index.php?rest_route=\/wp\/v2\/types\/page"}],"author":[{"embeddable":true,"href":"https:\/\/usbsh.fr\/index.php?rest_route=\/wp\/v2\/users\/1"}],"replies":[{"embeddable":true,"href":"https:\/\/usbsh.fr\/index.php?rest_route=%2Fwp%2Fv2%2Fcomments&post=493"}],"version-history":[{"count":7,"href":"https:\/\/usbsh.fr\/index.php?rest_route=\/wp\/v2\/pages\/493\/revisions"}],"predecessor-version":[{"id":629,"href":"https:\/\/usbsh.fr\/index.php?rest_route=\/wp\/v2\/pages\/493\/revisions\/629"}],"wp:attachment":[{"href":"https:\/\/usbsh.fr\/index.php?rest_route=%2Fwp%2Fv2%2Fmedia&parent=493"}],"curies":[{"name":"wp","href":"https:\/\/api.w.org\/{rel}","templated":true}]}}